{"id":12922,"date":"2023-03-23T11:54:36","date_gmt":"2023-03-23T10:54:36","guid":{"rendered":"http:\/\/mcoppliger"},"modified":"2025-09-22T10:08:41","modified_gmt":"2025-09-22T09:08:41","slug":"nous-soutenir-2","status":"publish","type":"page","link":"https:\/\/www.marchethon.ch\/lausanne\/nous-soutenir-2\/","title":{"rendered":"Nous soutenir"},"content":{"rendered":"\t\t<div data-elementor-type=\"wp-page\" data-elementor-id=\"12922\" class=\"elementor elementor-12922\">\n\t\t\t\t\t\t<section class=\"elementor-section elementor-top-section elementor-element elementor-element-44ac5417 elementor-section-boxed elementor-section-height-default elementor-section-height-default\" data-id=\"44ac5417\" data-element_type=\"section\">\n\t\t\t\t\t\t<div class=\"elementor-container elementor-column-gap-default\">\n\t\t\t\t\t<div class=\"elementor-column elementor-col-100 elementor-top-column elementor-element elementor-element-626664d8\" data-id=\"626664d8\" data-element_type=\"column\">\n\t\t\t<div class=\"elementor-widget-wrap elementor-element-populated\">\n\t\t\t\t\t\t<div class=\"elementor-element elementor-element-2d0dccf6 elementor-widget elementor-widget-text-editor\" data-id=\"2d0dccf6\" data-element_type=\"widget\" data-widget_type=\"text-editor.default\">\n\t\t\t\t<div class=\"elementor-widget-container\">\n\t\t\t\t\t\t\t\t\t<h3>Don<\/h3>\n<p>Tous les dons sont importants. N\u2019h\u00e9sitez pas \u00e0 nous les faire parvenir tout au long de l\u2019ann\u00e9e et nous ferons un versement global, apr\u00e8s l\u2019\u00e9v\u00e9nement, \u00e0 la Fondation de la mucoviscidose.<\/p>\n<p>Ci-dessous le QR Code ainsi que les donn\u00e9es bancaires n\u00e9cessaires pour un versement bancaire :<\/p>\n<p><a href=\"http:\/\/www.marchethon.ch\/lausanne\/wp-content\/uploads\/2023\/04\/TWINT_Montant-personalise_FR.png\"><img fetchpriority=\"high\" decoding=\"async\" class=\"aligncenter wp-image-14037\" src=\"http:\/\/www.marchethon.ch\/lausanne\/wp-content\/uploads\/2023\/04\/TWINT_Montant-personalise_FR-1024x467.png\" alt=\"\" width=\"500\" height=\"228\" srcset=\"https:\/\/www.marchethon.ch\/lausanne\/wp-content\/uploads\/2023\/04\/TWINT_Montant-personalise_FR-1024x467.png 1024w, https:\/\/www.marchethon.ch\/lausanne\/wp-content\/uploads\/2023\/04\/TWINT_Montant-personalise_FR-300x137.png 300w, https:\/\/www.marchethon.ch\/lausanne\/wp-content\/uploads\/2023\/04\/TWINT_Montant-personalise_FR-768x350.png 768w, https:\/\/www.marchethon.ch\/lausanne\/wp-content\/uploads\/2023\/04\/TWINT_Montant-personalise_FR.png 1087w\" sizes=\"(max-width: 500px) 100vw, 500px\" \/><\/a><\/p>\n<p>\u00a0<\/p>\n<p>\u00a0<\/p>\n<p>Marchethon Lausanne CF<br \/>c\/o Ligue Pulmonaire Vaudoise<\/p>\n<p>Av. de Provence 4<br \/>1007 Lausanne<\/p>\n<p>CCP 10-22178-8\u00a0 \/ IBAN CH28 0900 0000 1002 2178 8.<\/p>\n<p><!-- \/wp:paragraph --><\/p>\t\t\t\t\t\t\t\t<\/div>\n\t\t\t\t<\/div>\n\t\t\t\t<div class=\"elementor-element elementor-element-b68dc05 elementor-widget elementor-widget-text-editor\" data-id=\"b68dc05\" data-element_type=\"widget\" data-widget_type=\"text-editor.default\">\n\t\t\t\t<div class=\"elementor-widget-container\">\n\t\t\t\t\t\t\t\t\t<p><!-- wp:paragraph --><\/p>\n<h3>Amis<\/h3>\n<p>Devenez Ami du marchethon et participez ainsi \u00e0 notre assembl\u00e9e g\u00e9n\u00e9rale annuelle. Une mani\u00e8re de s\u2019impliquer et de soutenir notre action.<\/p>\n<p>La cotisation actuelle est de CHF 25.-\/personne<\/p>\n<p><a href=\"http:\/\/www.marchethon.ch\/lausanne\/wp-content\/uploads\/2023\/04\/QR-CODE-Ami_du_marChethon.png\"><img decoding=\"async\" class=\"size-full wp-image-14057 alignnone\" src=\"http:\/\/www.marchethon.ch\/lausanne\/wp-content\/uploads\/2023\/04\/QR-CODE-Ami_du_marChethon.png\" alt=\"\" width=\"640\" height=\"292\" srcset=\"https:\/\/www.marchethon.ch\/lausanne\/wp-content\/uploads\/2023\/04\/QR-CODE-Ami_du_marChethon.png 640w, https:\/\/www.marchethon.ch\/lausanne\/wp-content\/uploads\/2023\/04\/QR-CODE-Ami_du_marChethon-300x137.png 300w\" sizes=\"(max-width: 640px) 100vw, 640px\" \/><\/a><\/p>\n<p>Marchethon Lausanne CF<br \/>c\/o Ligue Pulmonaire Vaudoise<\/p>\n<p>Av. de Provence 4<br \/>1007 Lausanne<\/p>\n<p>CCP 10-22178-8\u00a0 \/ IBAN CH28 0900 0000 1002 2178 8.<\/p>\n<h3>B\u00e9n\u00e9vole<\/h3>\n<p>Une telle manifestation ne peut voir le jour sans les b\u00e9n\u00e9voles qui nous aident aux diff\u00e9rents postes, le jour de l\u2019\u00e9v\u00e9nement.<\/p>\n<p>Nous remercions sinc\u00e8rement toutes les personnes qui nous ont aid\u00e9es jusqu\u2019\u00e0 aujourd\u2019hui. N\u2019h\u00e9sitez pas \u00e0 faire partie de l\u2019\u00e9quipe en vous inscrivant au moyen du liens suivant :\u00a0<\/p>\n<p>Inscrivez-vous en ligne directement avec ce bouton ci-dessous<\/p>\n<p><!-- \/wp:paragraph --><\/p>\t\t\t\t\t\t\t\t<\/div>\n\t\t\t\t<\/div>\n\t\t\t\t<div class=\"elementor-element elementor-element-e550541 elementor-align-center elementor-widget elementor-widget-button\" data-id=\"e550541\" data-element_type=\"widget\" data-widget_type=\"button.default\">\n\t\t\t\t<div class=\"elementor-widget-container\">\n\t\t\t\t\t\t\t\t\t<div class=\"elementor-button-wrapper\">\n\t\t\t\t\t<a class=\"elementor-button elementor-button-link elementor-size-sm\" href=\"http:\/\/www.marchethon.ch\/lausanne\/nous-soutenir-2\/bulletin-dinscription\/\">\n\t\t\t\t\t\t<span class=\"elementor-button-content-wrapper\">\n\t\t\t\t\t\t\t\t\t<span class=\"elementor-button-text\"><h5 style=\"color:white;margin:0;font-family: var( --e-global-typography-3e1dab8-font-family ), Helvetica\">Lien d'inscription comme b\u00e9n\u00e9vole en ligne<\/h5><\/span>\n\t\t\t\t\t<\/span>\n\t\t\t\t\t<\/a>\n\t\t\t\t<\/div>\n\t\t\t\t\t\t\t\t<\/div>\n\t\t\t\t<\/div>\n\t\t\t\t<div class=\"elementor-element elementor-element-9dc86f8 elementor-widget elementor-widget-text-editor\" data-id=\"9dc86f8\" data-element_type=\"widget\" data-widget_type=\"text-editor.default\">\n\t\t\t\t<div class=\"elementor-widget-container\">\n\t\t\t\t\t\t\t\t\t<p><span style=\"color: var( --e-global-color-text ); font-family: var( --e-global-typography-text-font-family ), Helvetica; font-size: var( --e-global-typography-text-font-size ); font-weight: var( --e-global-typography-text-font-weight );\">Ou t\u00e9l\u00e9chargez le document ci-dessous, remplissez-le et envoyez le nous<\/span><\/p>\t\t\t\t\t\t\t\t<\/div>\n\t\t\t\t<\/div>\n\t\t\t\t<div class=\"elementor-element elementor-element-42b8771 elementor-align-center elementor-widget elementor-widget-button\" data-id=\"42b8771\" data-element_type=\"widget\" data-widget_type=\"button.default\">\n\t\t\t\t<div class=\"elementor-widget-container\">\n\t\t\t\t\t\t\t\t\t<div class=\"elementor-button-wrapper\">\n\t\t\t\t\t<a class=\"elementor-button elementor-button-link elementor-size-sm\" href=\"http:\/\/www.marchethon.ch\/lausanne\/wp-content\/uploads\/2023\/04\/2023_Formulaire_inscription.pdf\" target=\"_blank\">\n\t\t\t\t\t\t<span class=\"elementor-button-content-wrapper\">\n\t\t\t\t\t\t\t\t\t<span class=\"elementor-button-text\"><h5 style=\"color:white;margin:0;font-family: var( --e-global-typography-3e1dab8-font-family ), Helvetica\">Document PDF pour s'incrire comme b\u00e9n\u00e9vole<\/h5><\/span>\n\t\t\t\t\t<\/span>\n\t\t\t\t\t<\/a>\n\t\t\t\t<\/div>\n\t\t\t\t\t\t\t\t<\/div>\n\t\t\t\t<\/div>\n\t\t\t\t<div class=\"elementor-element elementor-element-9bbb1b7 elementor-widget elementor-widget-heading\" data-id=\"9bbb1b7\" data-element_type=\"widget\" data-widget_type=\"heading.default\">\n\t\t\t\t<div class=\"elementor-widget-container\">\n\t\t\t\t\t<h5 class=\"elementor-heading-title elementor-size-default\">Le marchethon ne serait pas ce qu'il est sans les b\u00e9n\u00e9voles<br \/> MERCI de votre pr\u00e9cieux soutien !<\/h5>\t\t\t\t<\/div>\n\t\t\t\t<\/div>\n\t\t\t\t\t<\/div>\n\t\t<\/div>\n\t\t\t\t\t<\/div>\n\t\t<\/section>\n\t\t\t\t<\/div>\n\t\t","protected":false},"excerpt":{"rendered":"<p>Don Tous les dons sont importants. N\u2019h\u00e9sitez pas \u00e0 nous les faire parvenir tout au long de l\u2019ann\u00e9e et nous ferons un versement global, apr\u00e8s l\u2019\u00e9v\u00e9nement, \u00e0 la Fondation de la mucoviscidose. Ci-dessous le QR Code ainsi que les donn\u00e9es bancaires n\u00e9cessaires pour un versement bancaire : \u00a0 \u00a0 Marchethon Lausanne CFc\/o Ligue Pulmonaire Vaudoise [&hellip;]<\/p>\n","protected":false},"author":4,"featured_media":0,"parent":0,"menu_order":0,"comment_status":"closed","ping_status":"closed","template":"elementor_theme","meta":{"ngg_post_thumbnail":0,"footnotes":""},"class_list":["post-12922","page","type-page","status-publish","hentry"],"_links":{"self":[{"href":"https:\/\/www.marchethon.ch\/lausanne\/wp-json\/wp\/v2\/pages\/12922","targetHints":{"allow":["GET"]}}],"collection":[{"href":"https:\/\/www.marchethon.ch\/lausanne\/wp-json\/wp\/v2\/pages"}],"about":[{"href":"https:\/\/www.marchethon.ch\/lausanne\/wp-json\/wp\/v2\/types\/page"}],"author":[{"embeddable":true,"href":"https:\/\/www.marchethon.ch\/lausanne\/wp-json\/wp\/v2\/users\/4"}],"replies":[{"embeddable":true,"href":"https:\/\/www.marchethon.ch\/lausanne\/wp-json\/wp\/v2\/comments?post=12922"}],"version-history":[{"count":78,"href":"https:\/\/www.marchethon.ch\/lausanne\/wp-json\/wp\/v2\/pages\/12922\/revisions"}],"predecessor-version":[{"id":16001,"href":"https:\/\/www.marchethon.ch\/lausanne\/wp-json\/wp\/v2\/pages\/12922\/revisions\/16001"}],"wp:attachment":[{"href":"https:\/\/www.marchethon.ch\/lausanne\/wp-json\/wp\/v2\/media?parent=12922"}],"curies":[{"name":"wp","href":"https:\/\/api.w.org\/{rel}","templated":true}]}}